{"id":1316,"date":"2023-07-12T13:35:57","date_gmt":"2023-07-12T11:35:57","guid":{"rendered":"https:\/\/www.weserschloesschen-nienburg.de\/?page_id=1316"},"modified":"2025-06-05T17:55:40","modified_gmt":"2025-06-05T15:55:40","slug":"wellness-und-fitness","status":"publish","type":"page","link":"https:\/\/www.weserschloesschen.de\/en\/zimmer\/wellness-und-fitness\/","title":{"rendered":"Health &amp; Fitness"},"content":{"rendered":"<p>[et_pb_section fb_built=&#8220;1&#8243; module_id=&#8220;mainblock&#8220; _builder_version=&#8220;4.21.0&#8243; _module_preset=&#8220;default&#8220; background_image=&#8220;https:\/\/www.weserschloesschen.de\/wp-content\/uploads\/2023\/07\/header_fitness.jpg&#8220; background_size=&#8220;contain&#8220; background_position=&#8220;top_center&#8220; custom_margin=&#8220;0px||0px||false|false&#8220; custom_padding=&#8220;0px||0px||false|false&#8220; animation_style=&#8220;fade&#8220; animation_duration=&#8220;1300ms&#8220; global_colors_info=&#8220;{}&#8220;][et_pb_row column_structure=&#8220;1_4,3_4&#8243; use_custom_gutter=&#8220;on&#8220; gutter_width=&#8220;1&#8243; make_equal=&#8220;on&#8220; _builder_version=&#8220;4.21.0&#8243; _module_preset=&#8220;default&#8220; width=&#8220;100%&#8220; max_width=&#8220;1440px&#8220; custom_margin=&#8220;0px||40px||false|true&#8220; custom_padding=&#8220;0px|30px|0px|30px|true|true&#8220; global_colors_info=&#8220;{}&#8220;][et_pb_column type=&#8220;1_4&#8243; _builder_version=&#8220;4.21.0&#8243; _module_preset=&#8220;default&#8220; custom_padding=&#8220;||||false|false&#8220; global_colors_info=&#8220;{}&#8220;][et_pb_text module_class=&#8220;subhead&#8220; _builder_version=&#8220;4.21.0&#8243; _module_preset=&#8220;default&#8220; text_text_color=&#8220;#FFFFFF&#8220; header_4_text_color=&#8220;#FFFFFF&#8220; background_color=&#8220;#004f80&#8243; custom_margin=&#8220;0px|0px|0px|0px|true|true&#8220; custom_padding=&#8220;20px|40px|10px|40px|false|true&#8220; global_colors_info=&#8220;{}&#8220;]<\/p>\n<h4>Weitere Infos<\/h4>\n<p>[\/et_pb_text][et_pb_code module_id=&#8220;subpages&#8220; _builder_version=&#8220;4.21.0&#8243; _module_preset=&#8220;default&#8220; background_color=&#8220;rgba(250,248,244,0.8)&#8220; custom_padding=&#8220;30px||20px||false|false&#8220; locked=&#8220;off&#8220; global_colors_info=&#8220;{}&#8220;]\n<!-- Page-list plugin v.5.9 wordpress.org\/plugins\/page-list\/ -->\n<ul class=\"page-list siblings-page-list \">\n<li class=\"page_item page-item-594\"><a href=\"https:\/\/www.weserschloesschen.de\/en\/zimmer\/ausstattung\/\">Ausstattung<\/a><\/li>\n<li class=\"page_item page-item-1316\"><a href=\"https:\/\/www.weserschloesschen.de\/en\/zimmer\/wellness-und-fitness\/\">Wellness &#038; Fitness<\/a><\/li>\n<li class=\"page_item page-item-596\"><a href=\"https:\/\/www.weserschloesschen.de\/en\/zimmer\/preise\/\">Preise<\/a><\/li>\n\n<\/ul>[\/et_pb_code][et_pb_code module_class=&#8220;prs&#8220; _builder_version=&#8220;4.21.0&#8243; _module_preset=&#8220;default&#8220; background_color=&#8220;#FFFFFF&#8220; module_alignment=&#8220;center&#8220; custom_margin=&#8220;0px|0px|0px|0px|false|false&#8220; custom_padding=&#8220;20px|10px|20px|10px|true|true&#8220; global_colors_info=&#8220;{}&#8220;]<a href=\"https:\/\/reviews.customer-alliance.com\/hotel\/hotel-weserschloesschen-nienburg-4rzG21217Afh.html?_locale=de\" title=\"Hotel Weserschl\u00f6\u00dfchen\" target=\"_blank\" rel=\"noopener\"><img decoding=\"async\" src=\"https:\/\/widget.customer-alliance.com\/reviews\/image\/de\/hotel-weserschloesschen-nienburg\/4rzG21217Afh-293-200-slimrank.png?smallheight=0&#038;showReviewText=0&#038;showAverageRating=1&#038;showTotalReviews=1&#038;showNumberOfPortals=1&#038;headerBgColor=006A91&#038;ratingValueColor=343434\" alt=\"Hotel Weserschl\u00f6\u00dfchen\"><\/a>[\/et_pb_code][et_pb_text _builder_version=&#8220;4.21.0&#8243; _module_preset=&#8220;default&#8220; background_color=&#8220;#ededef&#8220; custom_padding=&#8220;30px||5px|28px|false|false&#8220; locked=&#8220;off&#8220; global_colors_info=&#8220;{}&#8220;]<\/p>\n<h2  style=\"text-align: left; color:#004f80!important;\">Zimmer reservieren<\/h2>\n<p>[\/et_pb_text][et_pb_code _builder_version=&#8220;4.21.0&#8243; _module_preset=&#8220;default&#8220; background_color=&#8220;#ededef&#8220; custom_padding=&#8220;0px||0px||true|false&#8220; locked=&#8220;off&#8220; global_colors_info=&#8220;{}&#8220;]<\/p>\n<div id=\"d21-quickbook\"><\/div>\n<p>[\/et_pb_code][\/et_pb_column][et_pb_column type=&#8220;3_4&#8243; _builder_version=&#8220;4.21.0&#8243; _module_preset=&#8220;default&#8220; custom_padding=&#8220;|2%||4%|false|false&#8220; global_colors_info=&#8220;{}&#8220;][et_pb_image src=&#8220;https:\/\/www.weserschloesschen.de\/wp-content\/uploads\/2023\/06\/wrapper.png&#8220; title_text=&#8220;wrapper&#8220; module_class=&#8220;wrapper-off&#8220; _builder_version=&#8220;4.21.0&#8243; _module_preset=&#8220;default&#8220; height=&#8220;30vw&#8220; global_colors_info=&#8220;{}&#8220;][\/et_pb_image][et_pb_text _builder_version=&#8220;4.27.4&#8243; _module_preset=&#8220;default&#8220; custom_margin=&#8220;40px||||false|false&#8220; hover_enabled=&#8220;0&#8243; global_colors_info=&#8220;{}&#8220; sticky_enabled=&#8220;0&#8243;]<\/p>\n<h1>Wellness und Fitness<\/h1>\n<h2>Aktiv entspannen<\/h2>\n<h1>\u00a0<\/h1>\n<p>&nbsp;<\/p>\n<p>[\/et_pb_text][et_pb_text _builder_version=&#8220;4.22.1&#8243; _module_preset=&#8220;default&#8220; text_text_color=&#8220;#846b39&#8243; module_alignment=&#8220;center&#8220; custom_margin=&#8220;30px||30px||false|false&#8220; global_colors_info=&#8220;{}&#8220;]<\/p>\n<p>Lassen Sie f\u00fcr einen Moment alles hinter sich und ziehen Sie sich zur\u00fcck an einen Ort, an dem Sie Zeit f\u00fcr sich finden.<br \/>Genie\u00dfen Sie einen wohltuenden Saunagang in unserem Wellnessbereich oder trainieren Sie in unserem hauseigenen Studio mit erfahrenen Trainern, hochwertigen Trainingsger\u00e4ten und im stilvollen Ambiente.<br \/>Lassen Sie sich von unseren Trainern ein perfekt auf Sie abgestimmtes Fitnessprogramm mit unterschiedlichen Trainingsger\u00e4ten und -materialien zusammenstellen.<\/p>\n<p>[\/et_pb_text][et_pb_gallery gallery_ids=&#8220;1322,1323,1324,1325,1326,1327,1328&#8243; fullwidth=&#8220;on&#8220; _builder_version=&#8220;4.21.0&#8243; _module_preset=&#8220;default&#8220; global_colors_info=&#8220;{}&#8220;][\/et_pb_gallery][\/et_pb_column][\/et_pb_row][et_pb_row _builder_version=&#8220;4.21.0&#8243; _module_preset=&#8220;default&#8220; width=&#8220;100%&#8220; max_width=&#8220;1440px&#8220; custom_margin=&#8220;||0px||false|false&#8220; custom_padding=&#8220;||0px||false|false&#8220; global_colors_info=&#8220;{}&#8220;][et_pb_column type=&#8220;4_4&#8243; _builder_version=&#8220;4.21.0&#8243; _module_preset=&#8220;default&#8220; global_colors_info=&#8220;{}&#8220;][et_pb_text _builder_version=&#8220;4.21.0&#8243; _module_preset=&#8220;default&#8220; custom_margin=&#8220;20px||40px||false|false&#8220; global_colors_info=&#8220;{}&#8220;]<\/p>\n<h1>Im Herzen von Niedersachsen<\/h1>\n<h2>Von Wasser umgeben<\/h2>\n<p>[\/et_pb_text][\/et_pb_column][\/et_pb_row][et_pb_row column_structure=&#8220;1_5,1_5,1_5,1_5,1_5&#8243; use_custom_gutter=&#8220;on&#8220; gutter_width=&#8220;2&#8243; make_equal=&#8220;on&#8220; module_id=&#8220;buttons_2ndline&#8220; _builder_version=&#8220;4.21.0&#8243; _module_preset=&#8220;default&#8220; width=&#8220;100%&#8220; max_width=&#8220;1440px&#8220; custom_padding=&#8220;|30px||30px|false|true&#8220; global_colors_info=&#8220;{}&#8220;][et_pb_column type=&#8220;1_5&#8243; _builder_version=&#8220;4.21.0&#8243; _module_preset=&#8220;default&#8220; global_colors_info=&#8220;{}&#8220;][et_pb_code _builder_version=&#8220;4.21.0&#8243; _module_preset=&#8220;default&#8220; global_colors_info=&#8220;{}&#8220;]<\/p>\n<div class=\"button_wrapper\"><a href=\"https:\/\/www.weserschloesschen.de\"><!-- [et_pb_line_break_holder] -->  <\/p>\n<div class=\"headline\"><!-- [et_pb_line_break_holder] -->    Unser Hotel<!-- [et_pb_line_break_holder] -->  <\/div>\n<p><!-- [et_pb_line_break_holder] -->  <img decoding=\"async\" src=\"https:\/\/www.weserschloesschen.de\/wp-content\/uploads\/2023\/06\/start_unser_hotel.jpg\"><\/a><!-- [et_pb_line_break_holder] --><\/div>\n<p><!-- [et_pb_line_break_holder] -->[\/et_pb_code][\/et_pb_column][et_pb_column type=&#8220;1_5&#8243; _builder_version=&#8220;4.21.0&#8243; _module_preset=&#8220;default&#8220; global_colors_info=&#8220;{}&#8220;][et_pb_code _builder_version=&#8220;4.21.0&#8243; _module_preset=&#8220;default&#8220; global_colors_info=&#8220;{}&#8220;]<\/p>\n<div class=\"button_wrapper\"><a href=\"https:\/\/www.weserschloesschen.de\/restaurant\"><!-- [et_pb_line_break_holder] -->  <\/p>\n<div class=\"headline\"><!-- [et_pb_line_break_holder] -->    Restaurant<!-- [et_pb_line_break_holder] -->  <\/div>\n<p><!-- [et_pb_line_break_holder] -->  <img decoding=\"async\" src=\"https:\/\/www.weserschloesschen.de\/wp-content\/uploads\/2023\/06\/start_restaurant.jpg\"><\/a><!-- [et_pb_line_break_holder] --><\/div>\n<p>[\/et_pb_code][\/et_pb_column][et_pb_column type=&#8220;1_5&#8243; _builder_version=&#8220;4.21.0&#8243; _module_preset=&#8220;default&#8220; global_colors_info=&#8220;{}&#8220;][et_pb_code _builder_version=&#8220;4.21.0&#8243; _module_preset=&#8220;default&#8220; global_colors_info=&#8220;{}&#8220;]<\/p>\n<div class=\"button_wrapper\"><a href=\"https:\/\/www.weserschloesschen.de\/feiern\/festlichkeiten\/\"><!-- [et_pb_line_break_holder] -->  <\/p>\n<div class=\"headline\"><!-- [et_pb_line_break_holder] -->    Feiern<!-- [et_pb_line_break_holder] -->  <\/div>\n<p><!-- [et_pb_line_break_holder] -->  <img decoding=\"async\" src=\"https:\/\/www.weserschloesschen.de\/wp-content\/uploads\/2023\/06\/start_tagen_und_feiern.jpg\"><\/a><!-- [et_pb_line_break_holder] --><\/div>\n<p>[\/et_pb_code][\/et_pb_column][et_pb_column type=&#8220;1_5&#8243; _builder_version=&#8220;4.21.0&#8243; _module_preset=&#8220;default&#8220; global_colors_info=&#8220;{}&#8220;][et_pb_code _builder_version=&#8220;4.21.0&#8243; _module_preset=&#8220;default&#8220; global_colors_info=&#8220;{}&#8220;]<\/p>\n<div class=\"button_wrapper\"><a href=\"https:\/\/www.weserschloesschen.de\/wellness-und-fitness\"><!-- [et_pb_line_break_holder] -->  <\/p>\n<div class=\"headline\"><!-- [et_pb_line_break_holder] -->    Wellness &#038; Fitness<!-- [et_pb_line_break_holder] -->  <\/div>\n<p><!-- [et_pb_line_break_holder] -->  <img decoding=\"async\" src=\"https:\/\/www.weserschloesschen.de\/wp-content\/uploads\/2023\/06\/start_wellness_und_fitness.jpg\"><\/a><!-- [et_pb_line_break_holder] --><\/div>\n<p>[\/et_pb_code][\/et_pb_column][et_pb_column type=&#8220;1_5&#8243; _builder_version=&#8220;4.21.0&#8243; _module_preset=&#8220;default&#8220; global_colors_info=&#8220;{}&#8220;][et_pb_code _builder_version=&#8220;4.21.0&#8243; _module_preset=&#8220;default&#8220; global_colors_info=&#8220;{}&#8220;]<\/p>\n<div class=\"button_wrapper\"><a href=\"https:\/\/www.weserschloesschen.de\/zimmer\/ausstattung\/\"><!-- [et_pb_line_break_holder] -->  <\/p>\n<div class=\"headline\"><!-- [et_pb_line_break_holder] -->    Unsere Komfortzimmer<!-- [et_pb_line_break_holder] -->  <\/div>\n<p><!-- [et_pb_line_break_holder] -->  <img decoding=\"async\" src=\"https:\/\/www.weserschloesschen.de\/wp-content\/uploads\/2023\/06\/start_unsere_komfortzimmer.jpg\"><\/a><!-- [et_pb_line_break_holder] --><\/div>\n<p><!-- [et_pb_line_break_holder] -->[\/et_pb_code][\/et_pb_column][\/et_pb_row][et_pb_row _builder_version=&#8220;4.21.0&#8243; _module_preset=&#8220;default&#8220; background_color=&#8220;#bfa16b&#8220; width=&#8220;100%&#8220; max_width=&#8220;1440px&#8220; custom_margin=&#8220;35px||0px||false|false&#8220; custom_padding=&#8220;0px|30px|0px|30px|true|true&#8220; global_colors_info=&#8220;{}&#8220;][et_pb_column type=&#8220;4_4&#8243; _builder_version=&#8220;4.21.0&#8243; _module_preset=&#8220;default&#8220; global_colors_info=&#8220;{}&#8220;][et_pb_text module_class=&#8220;to_know&#8220; _builder_version=&#8220;4.21.0&#8243; _module_preset=&#8220;default&#8220; background_color=&#8220;RGBA(255,255,255,0)&#8220; custom_padding=&#8220;50px|60px|20px|60px|false|true&#8220; animation_style=&#8220;zoom&#8220; animation_duration=&#8220;1400ms&#8220; animation_delay=&#8220;350ms&#8220; global_colors_info=&#8220;{}&#8220;]<\/p>\n<h1>Wir beantworten gerne Ihre Fragen<\/h1>\n<p>[\/et_pb_text][\/et_pb_column][\/et_pb_row][et_pb_row column_structure=&#8220;2_3,1_3&#8243; module_id=&#8220;contact_on_page&#8220; _builder_version=&#8220;4.21.0&#8243; _module_preset=&#8220;default&#8220; background_color=&#8220;#bfa16b&#8220; width=&#8220;100%&#8220; max_width=&#8220;1440px&#8220; custom_margin=&#8220;0px||70px||false|false&#8220; custom_padding=&#8220;0px|30px|0px|30px|true|true&#8220; locked=&#8220;off&#8220; global_colors_info=&#8220;{}&#8220;][et_pb_column type=&#8220;2_3&#8243; _builder_version=&#8220;4.21.0&#8243; _module_preset=&#8220;default&#8220; global_colors_info=&#8220;{}&#8220;][et_pb_contact_form captcha=&#8220;off&#8220; email=&#8220;info@weserschloesschen.de&#8220; success_message=&#8220;Vielen Dank f\u00fcr Ihre Nachricht!  Wir werden uns mit Ihnen in k\u00fcrze in Verbindung setzen.&#8220; submit_button_text=&#8220;Absenden&#8220; _builder_version=&#8220;4.21.0&#8243; _module_preset=&#8220;default&#8220; _unique_id=&#8220;65745fe3-3dba-4bcf-8ce8-6c92b990d03d&#8220; custom_button=&#8220;on&#8220; button_text_color=&#8220;#FFFFFF&#8220; button_bg_color=&#8220;#004f80&#8243; button_border_width=&#8220;0px&#8220; button_border_radius=&#8220;0px&#8220; button_use_icon=&#8220;off&#8220; button_custom_margin=&#8220;30px|0px||0px|false|false&#8220; button_custom_padding=&#8220;|80px||80px|false|true&#8220; custom_margin=&#8220;|||40px|false|false&#8220; animation_style=&#8220;zoom&#8220; animation_duration=&#8220;1400ms&#8220; animation_delay=&#8220;500ms&#8220; global_colors_info=&#8220;{}&#8220;][et_pb_contact_field field_id=&#8220;Name&#8220; field_title=&#8220;Name (*)&#8220; _builder_version=&#8220;4.21.0&#8243; global_colors_info=&#8220;{}&#8220; button_text_size__hover_enabled=&#8220;off&#8220; button_one_text_size__hover_enabled=&#8220;off&#8220; button_two_text_size__hover_enabled=&#8220;off&#8220; button_text_color__hover_enabled=&#8220;off&#8220; button_one_text_color__hover_enabled=&#8220;off&#8220; button_two_text_color__hover_enabled=&#8220;off&#8220; button_border_width__hover_enabled=&#8220;off&#8220; button_one_border_width__hover_enabled=&#8220;off&#8220; button_two_border_width__hover_enabled=&#8220;off&#8220; button_border_color__hover_enabled=&#8220;off&#8220; button_one_border_color__hover_enabled=&#8220;off&#8220; button_two_border_color__hover_enabled=&#8220;off&#8220; button_border_radius__hover_enabled=&#8220;off&#8220; button_one_border_radius__hover_enabled=&#8220;off&#8220; button_two_border_radius__hover_enabled=&#8220;off&#8220; button_letter_spacing__hover_enabled=&#8220;off&#8220; button_one_letter_spacing__hover_enabled=&#8220;off&#8220; button_two_letter_spacing__hover_enabled=&#8220;off&#8220; button_bg_color__hover_enabled=&#8220;off&#8220; button_one_bg_color__hover_enabled=&#8220;off&#8220; button_two_bg_color__hover_enabled=&#8220;off&#8220;][\/et_pb_contact_field][et_pb_contact_field field_id=&#8220;Email&#8220; field_title=&#8220;E-Mail-Adresse (*)&#8220; field_type=&#8220;email&#8220; _builder_version=&#8220;4.21.0&#8243; global_colors_info=&#8220;{}&#8220; button_text_size__hover_enabled=&#8220;off&#8220; button_one_text_size__hover_enabled=&#8220;off&#8220; button_two_text_size__hover_enabled=&#8220;off&#8220; button_text_color__hover_enabled=&#8220;off&#8220; button_one_text_color__hover_enabled=&#8220;off&#8220; button_two_text_color__hover_enabled=&#8220;off&#8220; button_border_width__hover_enabled=&#8220;off&#8220; button_one_border_width__hover_enabled=&#8220;off&#8220; button_two_border_width__hover_enabled=&#8220;off&#8220; button_border_color__hover_enabled=&#8220;off&#8220; button_one_border_color__hover_enabled=&#8220;off&#8220; button_two_border_color__hover_enabled=&#8220;off&#8220; button_border_radius__hover_enabled=&#8220;off&#8220; button_one_border_radius__hover_enabled=&#8220;off&#8220; button_two_border_radius__hover_enabled=&#8220;off&#8220; button_letter_spacing__hover_enabled=&#8220;off&#8220; button_one_letter_spacing__hover_enabled=&#8220;off&#8220; button_two_letter_spacing__hover_enabled=&#8220;off&#8220; button_bg_color__hover_enabled=&#8220;off&#8220; button_one_bg_color__hover_enabled=&#8220;off&#8220; button_two_bg_color__hover_enabled=&#8220;off&#8220;][\/et_pb_contact_field][et_pb_contact_field field_id=&#8220;Message&#8220; field_title=&#8220;Nachricht (*)&#8220; field_type=&#8220;text&#8220; fullwidth_field=&#8220;on&#8220; _builder_version=&#8220;4.21.0&#8243; global_colors_info=&#8220;{}&#8220; button_text_size__hover_enabled=&#8220;off&#8220; button_one_text_size__hover_enabled=&#8220;off&#8220; button_two_text_size__hover_enabled=&#8220;off&#8220; button_text_color__hover_enabled=&#8220;off&#8220; button_one_text_color__hover_enabled=&#8220;off&#8220; button_two_text_color__hover_enabled=&#8220;off&#8220; button_border_width__hover_enabled=&#8220;off&#8220; button_one_border_width__hover_enabled=&#8220;off&#8220; button_two_border_width__hover_enabled=&#8220;off&#8220; button_border_color__hover_enabled=&#8220;off&#8220; button_one_border_color__hover_enabled=&#8220;off&#8220; button_two_border_color__hover_enabled=&#8220;off&#8220; button_border_radius__hover_enabled=&#8220;off&#8220; button_one_border_radius__hover_enabled=&#8220;off&#8220; button_two_border_radius__hover_enabled=&#8220;off&#8220; button_letter_spacing__hover_enabled=&#8220;off&#8220; button_one_letter_spacing__hover_enabled=&#8220;off&#8220; button_two_letter_spacing__hover_enabled=&#8220;off&#8220; button_bg_color__hover_enabled=&#8220;off&#8220; button_one_bg_color__hover_enabled=&#8220;off&#8220; button_two_bg_color__hover_enabled=&#8220;off&#8220;][\/et_pb_contact_field][et_pb_contact_field field_id=&#8220;Datenerhebung&#8220; field_title=&#8220; &#8220; field_type=&#8220;checkbox&#8220; checkbox_options=&#8220;%91{%22value%22:%22Einwilligung zur Datenerhebung (*)%22,%22checked%22:0,%22dragID%22:-1}%93&#8243; fullwidth_field=&#8220;on&#8220; _builder_version=&#8220;4.21.0&#8243; _module_preset=&#8220;default&#8220; global_colors_info=&#8220;{}&#8220;][\/et_pb_contact_field][\/et_pb_contact_form][\/et_pb_column][et_pb_column type=&#8220;1_3&#8243; _builder_version=&#8220;4.21.0&#8243; _module_preset=&#8220;default&#8220; global_colors_info=&#8220;{}&#8220;][et_pb_text module_class=&#8220;to_know&#8220; _builder_version=&#8220;4.21.0&#8243; _module_preset=&#8220;default&#8220; background_color=&#8220;RGBA(255,255,255,0)&#8220; custom_margin=&#8220;|40px|||false|false&#8220; custom_padding=&#8220;0px|0px|60px|0px|false|true&#8220; animation_style=&#8220;zoom&#8220; animation_duration=&#8220;1400ms&#8220; animation_delay=&#8220;350ms&#8220; global_colors_info=&#8220;{}&#8220;]Rufen Sie uns an unter:<\/p>\n<h1 style=\"text-align: left;\">05021 62081<\/h1>\n<p>Ich stimme zu, dass meine Angaben aus dem Formular zur Beantwortung meiner Anfrage erhoben und verarbeitet werden. Die Daten werden nach abgeschlossener Bearbeitung Ihrer Anfrage gel\u00f6scht.<\/p>\n<p>Hinweis: Sie k\u00f6nnen Ihre Einwilligung jederzeit f\u00fcr die Zukunft per E-Mail an info@weserschloesschen.de widerrufen. Detaillierte Informationen zum Umgang mit Nutzerdaten finden Sie in unserer <a href=\"https:\/\/weserschloesschen.de\/datenschutzerklaerung\" style=\"color:#fff;\">Datenschutzerkl\u00e4rung<\/a>[\/et_pb_text][\/et_pb_column][\/et_pb_row][\/et_pb_section]<\/p>\n","protected":false},"excerpt":{"rendered":"<p>Weitere Infos\n<!-- Page-list plugin v.5.9 wordpress.org\/plugins\/page-list\/ -->\n<ul class=\"page-list siblings-page-list \">\n<li class=\"page_item page-item-594\"><a href=\"https:\/\/www.weserschloesschen.de\/en\/zimmer\/ausstattung\/\">Ausstattung<\/a><\/li>\n<li class=\"page_item page-item-1316\"><a href=\"https:\/\/www.weserschloesschen.de\/en\/zimmer\/wellness-und-fitness\/\">Wellness &#038; Fitness<\/a><\/li>\n<li class=\"page_item page-item-596\"><a href=\"https:\/\/www.weserschloesschen.de\/en\/zimmer\/preise\/\">Preise<\/a><\/li>\n\n<\/ul>Zimmer reservierenWellness und Fitness Aktiv entspannen \u00a0 &nbsp;Lassen Sie f\u00fcr einen Moment alles hinter sich und ziehen Sie sich zur\u00fcck an einen Ort, an dem Sie Zeit f\u00fcr sich finden.Genie\u00dfen Sie einen wohltuenden Saunagang in unserem Wellnessbereich oder trainieren Sie in unserem hauseigenen Studio mit erfahrenen Trainern, hochwertigen Trainingsger\u00e4ten und im stilvollen Ambiente.Lassen [&hellip;]<\/p>\n","protected":false},"author":1,"featured_media":0,"parent":517,"menu_order":2,"comment_status":"closed","ping_status":"closed","template":"","meta":{"_et_pb_use_builder":"on","_et_pb_old_content":"","_et_gb_content_width":"","footnotes":""},"class_list":["post-1316","page","type-page","status-publish","hentry"],"_links":{"self":[{"href":"https:\/\/www.weserschloesschen.de\/en\/wp-json\/wp\/v2\/pages\/1316","targetHints":{"allow":["GET"]}}],"collection":[{"href":"https:\/\/www.weserschloesschen.de\/en\/wp-json\/wp\/v2\/pages"}],"about":[{"href":"https:\/\/www.weserschloesschen.de\/en\/wp-json\/wp\/v2\/types\/page"}],"author":[{"embeddable":true,"href":"https:\/\/www.weserschloesschen.de\/en\/wp-json\/wp\/v2\/users\/1"}],"replies":[{"embeddable":true,"href":"https:\/\/www.weserschloesschen.de\/en\/wp-json\/wp\/v2\/comments?post=1316"}],"version-history":[{"count":13,"href":"https:\/\/www.weserschloesschen.de\/en\/wp-json\/wp\/v2\/pages\/1316\/revisions"}],"predecessor-version":[{"id":2120,"href":"https:\/\/www.weserschloesschen.de\/en\/wp-json\/wp\/v2\/pages\/1316\/revisions\/2120"}],"up":[{"embeddable":true,"href":"https:\/\/www.weserschloesschen.de\/en\/wp-json\/wp\/v2\/pages\/517"}],"wp:attachment":[{"href":"https:\/\/www.weserschloesschen.de\/en\/wp-json\/wp\/v2\/media?parent=1316"}],"curies":[{"name":"wp","href":"https:\/\/api.w.org\/{rel}","templated":true}]}}