{"id":1673,"date":"2023-09-11T13:29:53","date_gmt":"2023-09-11T11:29:53","guid":{"rendered":"https:\/\/www.weserschloesschen.de\/?page_id=1673"},"modified":"2025-06-06T08:14:53","modified_gmt":"2025-06-06T06:14:53","slug":"jobs","status":"publish","type":"page","link":"https:\/\/www.weserschloesschen.de\/en\/jobs\/","title":{"rendered":"Jobs"},"content":{"rendered":"<p>[et_pb_section fb_built=&#8220;1&#8243; module_id=&#8220;mainblock&#8220; _builder_version=&#8220;4.21.0&#8243; _module_preset=&#8220;default&#8220; background_image=&#8220;https:\/\/www.weserschloesschen.de\/wp-content\/uploads\/2023\/07\/header_impressum.jpg&#8220; background_size=&#8220;contain&#8220; background_position=&#8220;top_center&#8220; custom_margin=&#8220;0px||0px||false|false&#8220; custom_padding=&#8220;0px||0px||false|false&#8220; animation_style=&#8220;fade&#8220; animation_duration=&#8220;1300ms&#8220; global_colors_info=&#8220;{}&#8220;][et_pb_row column_structure=&#8220;1_4,3_4&#8243; use_custom_gutter=&#8220;on&#8220; gutter_width=&#8220;1&#8243; make_equal=&#8220;on&#8220; _builder_version=&#8220;4.21.0&#8243; _module_preset=&#8220;default&#8220; width=&#8220;100%&#8220; max_width=&#8220;1440px&#8220; custom_margin=&#8220;0px||0px||false|true&#8220; custom_padding=&#8220;0px|30px|0px|30px|true|true&#8220; global_colors_info=&#8220;{}&#8220;][et_pb_column type=&#8220;1_4&#8243; _builder_version=&#8220;4.21.0&#8243; _module_preset=&#8220;default&#8220; custom_padding=&#8220;||||false|false&#8220; global_colors_info=&#8220;{}&#8220;][et_pb_text admin_label=&#8220;Text&#8220; module_class=&#8220;subhead&#8220; _builder_version=&#8220;4.21.0&#8243; _module_preset=&#8220;default&#8220; text_text_color=&#8220;#FFFFFF&#8220; header_4_text_color=&#8220;#FFFFFF&#8220; background_color=&#8220;#004f80&#8243; custom_margin=&#8220;0px|0px|0px|0px|true|true&#8220; custom_padding=&#8220;20px|40px|10px|40px|false|true&#8220; global_colors_info=&#8220;{}&#8220;]<\/p>\n<h4>Weitere Infos<\/h4>\n<p>[\/et_pb_text][et_pb_code module_class=&#8220;prs&#8220; _builder_version=&#8220;4.21.0&#8243; _module_preset=&#8220;default&#8220; background_color=&#8220;#FFFFFF&#8220; module_alignment=&#8220;center&#8220; custom_margin=&#8220;0px|0px|0px|0px|false|false&#8220; custom_padding=&#8220;20px|10px|20px|10px|true|true&#8220; global_colors_info=&#8220;{}&#8220;]<a href=\"https:\/\/reviews.customer-alliance.com\/hotel\/hotel-weserschloesschen-nienburg-4rzG21217Afh.html?_locale=de\" title=\"Hotel Weserschl\u00f6\u00dfchen\" target=\"_blank\" rel=\"noopener\"><img decoding=\"async\" src=\"https:\/\/widget.customer-alliance.com\/reviews\/image\/de\/hotel-weserschloesschen-nienburg\/4rzG21217Afh-293-200-slimrank.png?smallheight=0&#038;showReviewText=0&#038;showAverageRating=1&#038;showTotalReviews=1&#038;showNumberOfPortals=1&#038;headerBgColor=006A91&#038;ratingValueColor=343434\" alt=\"Hotel Weserschl\u00f6\u00dfchen\"><\/a>[\/et_pb_code][\/et_pb_column][et_pb_column type=&#8220;3_4&#8243; _builder_version=&#8220;4.21.0&#8243; _module_preset=&#8220;default&#8220; custom_padding=&#8220;|2%||4%|false|false&#8220; global_colors_info=&#8220;{}&#8220;][et_pb_image src=&#8220;https:\/\/www.weserschloesschen.de\/wp-content\/uploads\/2023\/06\/wrapper.png&#8220; title_text=&#8220;wrapper&#8220; module_class=&#8220;wrapper-off&#8220; _builder_version=&#8220;4.21.0&#8243; _module_preset=&#8220;default&#8220; height=&#8220;30vw&#8220; global_colors_info=&#8220;{}&#8220;][\/et_pb_image][\/et_pb_column][\/et_pb_row][\/et_pb_section][et_pb_section fb_built=&#8220;1&#8243; _builder_version=&#8220;4.21.0&#8243; _module_preset=&#8220;default&#8220; custom_margin=&#8220;0px||||false|false&#8220; custom_padding=&#8220;0px||||false|false&#8220; global_colors_info=&#8220;{}&#8220;][et_pb_row _builder_version=&#8220;4.22.1&#8243; _module_preset=&#8220;default&#8220; width=&#8220;100%&#8220; max_width=&#8220;1440px&#8220; custom_margin=&#8220;0px||0px||false|false&#8220; custom_padding=&#8220;0px||50px||false|false&#8220; global_colors_info=&#8220;{}&#8220;][et_pb_column type=&#8220;4_4&#8243; _builder_version=&#8220;4.21.0&#8243; _module_preset=&#8220;default&#8220; global_colors_info=&#8220;{}&#8220;][et_pb_text _builder_version=&#8220;4.27.4&#8243; _module_preset=&#8220;default&#8220; custom_margin=&#8220;40px||||false|false&#8220; hover_enabled=&#8220;0&#8243; global_colors_info=&#8220;{}&#8220; sticky_enabled=&#8220;0&#8243;]<\/p>\n<h1>JOBS<\/h1>\n<p>[\/et_pb_text][et_pb_text _builder_version=&#8220;4.27.4&#8243; _module_preset=&#8220;default&#8220; text_text_color=&#8220;#846b39&#8243; max_width=&#8220;1440px&#8220; module_alignment=&#8220;center&#8220; custom_margin=&#8220;30px||30px||false|false&#8220; custom_padding=&#8220;|50px||50px|false|true&#8220; hover_enabled=&#8220;0&#8243; global_colors_info=&#8220;{}&#8220; sticky_enabled=&#8220;0&#8243;]<\/p>\n<h2 style=\"text-align: left; color: #004f80!important;\">Servicekraft (m\/w\/d) als Minijob gesucht<\/h2>\n<p>F\u00fcr unseren Service suchen wir:<\/p>\n<p>Eine Servicekraft (m\/w\/d), auch als Quereinsteiger\/in m\u00f6glich &#8211; eine Ausbildung wird nicht vorausgesetzt.<br \/>als Minijob f\u00fcr die berufs\u00fcblichen T\u00e4tigkeiten.<\/p>\n<p>Das bringen Sie mit:<\/p>\n<ul>\n<li>Freude am Kontakt mit den G\u00e4sten<\/li>\n<li>gute Deutschkenntnisse<\/li>\n<li>des Weiteren w\u00fcnschen wir uns Teamf\u00e4higkeit, Freundlichkeit und ein gepflegtes Erscheinungsbild<\/li>\n<\/ul>\n<p>Herr Stuwe freut sich auf Ihre Bewerbung.<\/p>\n<p>[\/et_pb_text][et_pb_text _builder_version=&#8220;4.27.4&#8243; _module_preset=&#8220;default&#8220; text_text_color=&#8220;#846b39&#8243; max_width=&#8220;1440px&#8220; module_alignment=&#8220;center&#8220; custom_margin=&#8220;30px||30px||false|false&#8220; custom_padding=&#8220;|50px||50px|false|true&#8220; hover_enabled=&#8220;0&#8243; global_colors_info=&#8220;{}&#8220; sticky_enabled=&#8220;0&#8243;]<\/p>\n<p dir=\"ltr\">Zur Verst\u00e4rkung unseres Teams suchen wir einen<\/p>\n<h2 dir=\"ltr\" style=\"text-align: left;\"><strong>Empfangsmitarbeiter ( m\/w\/d )<\/strong><\/h2>\n<p><strong>Ihre Aufgaben<\/strong><\/p>\n<ul>\n<li value=\"1\">Check In und Check Out unserer\u00a0G\u00e4ste<\/li>\n<li value=\"2\">Reservierungsannahme und Bearbeitung<\/li>\n<li value=\"3\">Annahme von Zimmerreservierungen und Telefonaten<\/li>\n<li value=\"4\">E-Mails bearbeiten<\/li>\n<li value=\"5\">Kassenverantwortlichkeit innerhalb des Dienstes<\/li>\n<li value=\"6\">Betreuung der G\u00e4ste<\/li>\n<\/ul>\n<p><strong>Ihr Profil<\/strong><\/p>\n<ul>\n<li value=\"1\">abgeschlossene Ausbildung zur Hotelfachfrau\/-mann<\/li>\n<li value=\"2\">Quereinsteiger<\/li>\n<li value=\"3\">Erfahrung\u00a0in der Gastronomie oder Hotellerie<\/li>\n<li value=\"4\">Gute Umgangsformen und sicheres Auftreten<\/li>\n<li value=\"5\">Durchsetzungsverm\u00f6gen und Organisationstalent<\/li>\n<li value=\"6\">Verhandlungsgeschick und Teamgeist<\/li>\n<li value=\"7\">Engagement und Selbstst\u00e4ndigkeit<\/li>\n<li value=\"8\">Kreativit\u00e4t und Leistungsbereitschaft<\/li>\n<li value=\"9\">Freude an der G\u00e4stebetreuung<\/li>\n<li value=\"10\">gute Englischkenntnisse<\/li>\n<\/ul>\n<p><strong>Wir bieten<\/strong><\/p>\n<ul>\n<li value=\"1\">ein unbefristetes Arbeitsverh\u00e4ltnis<\/li>\n<li value=\"2\">ein gutes Betriebsklima<\/li>\n<li value=\"3\">leistungsorientierte\u00a0Verg\u00fctung<\/li>\n<li value=\"4\">vielseitige T\u00e4tigkeiten in herzlicher Atmosph\u00e4re<\/li>\n<li value=\"5\">ein junges, dynamisches Team mit Begeisterung f\u00fcr die Gastronomie<\/li>\n<\/ul>\n<p dir=\"ltr\">Eintritt ist ab sofort m\u00f6glich.<\/p>\n<p dir=\"ltr\">Haben wir Ihr Interesse geweckt? Dann freuen wir uns darauf Sie kennen zu lernen.<br \/>Bitte bewerben Sie sich schriftlich per Post oder E-Mail.<\/p>\n<p dir=\"ltr\"><b><strong>Hotel Weserschl\u00f6\u00dfchen<\/strong><\/b><br \/>M\u00fchlenstra\u00dfe 20, 31582\u00a0Nienburg, Deutschland<br \/><b><strong>Telefon:<\/strong><\/b> 05021 \u2013 62 08 1<\/p>\n<p dir=\"ltr\"><b><strong>E-Mail:<\/strong><\/b> <a class=\"ba-link-secondary\" href=\"https:\/\/mailto:stuwe@weserschloesschen.de\">stuwe@weserschloesschen.de<\/a><br \/><b><strong>Internet:<\/strong><\/b> www.weserschloesschen.de<\/p>\n<p dir=\"ltr\"><b><strong>Ansprechpartner:<\/strong><\/b> Herr Sascha Stuwe<br \/><b><strong>Position\/Abteilung:<\/strong><\/b> Direktor<\/p>\n<p>[\/et_pb_text][\/et_pb_column][\/et_pb_row][et_pb_row _builder_version=&#8220;4.21.0&#8243; _module_preset=&#8220;default&#8220; width=&#8220;100%&#8220; max_width=&#8220;1440px&#8220; global_colors_info=&#8220;{}&#8220;][et_pb_column type=&#8220;4_4&#8243; _builder_version=&#8220;4.21.0&#8243; _module_preset=&#8220;default&#8220; global_colors_info=&#8220;{}&#8220;][et_pb_text _builder_version=&#8220;4.21.0&#8243; _module_preset=&#8220;default&#8220; custom_margin=&#8220;20px||40px||false|false&#8220; global_colors_info=&#8220;{}&#8220;]<\/p>\n<h1>Im Herzen von Niedersachsen<\/h1>\n<h2>Von Wasser umgeben<\/h2>\n<p>[\/et_pb_text][\/et_pb_column][\/et_pb_row][et_pb_row column_structure=&#8220;1_5,1_5,1_5,1_5,1_5&#8243; use_custom_gutter=&#8220;on&#8220; gutter_width=&#8220;2&#8243; make_equal=&#8220;on&#8220; module_id=&#8220;buttons_2ndline&#8220; _builder_version=&#8220;4.21.0&#8243; _module_preset=&#8220;default&#8220; width=&#8220;100%&#8220; max_width=&#8220;1440px&#8220; custom_padding=&#8220;|30px||30px|false|true&#8220; locked=&#8220;off&#8220; global_colors_info=&#8220;{}&#8220;][et_pb_column type=&#8220;1_5&#8243; _builder_version=&#8220;4.21.0&#8243; _module_preset=&#8220;default&#8220; global_colors_info=&#8220;{}&#8220;][et_pb_code _builder_version=&#8220;4.21.0&#8243; _module_preset=&#8220;default&#8220; global_colors_info=&#8220;{}&#8220;]<\/p>\n<div class=\"button_wrapper\"><a href=\"https:\/\/www.weserschloesschen.de\"><!-- [et_pb_line_break_holder] -->  <\/p>\n<div class=\"headline\"><!-- [et_pb_line_break_holder] -->    Unser Hotel<!-- [et_pb_line_break_holder] -->  <\/div>\n<p><!-- [et_pb_line_break_holder] -->  <img decoding=\"async\" src=\"https:\/\/www.weserschloesschen.de\/wp-content\/uploads\/2023\/06\/start_unser_hotel.jpg\"><\/a><!-- [et_pb_line_break_holder] --><\/div>\n<p><!-- [et_pb_line_break_holder] -->[\/et_pb_code][\/et_pb_column][et_pb_column type=&#8220;1_5&#8243; _builder_version=&#8220;4.21.0&#8243; _module_preset=&#8220;default&#8220; global_colors_info=&#8220;{}&#8220;][et_pb_code _builder_version=&#8220;4.21.0&#8243; _module_preset=&#8220;default&#8220; global_colors_info=&#8220;{}&#8220;]<\/p>\n<div class=\"button_wrapper\"><a href=\"https:\/\/www.weserschloesschen.de\/restaurant\"><!-- [et_pb_line_break_holder] -->  <\/p>\n<div class=\"headline\"><!-- [et_pb_line_break_holder] -->    Restaurant<!-- [et_pb_line_break_holder] -->  <\/div>\n<p><!-- [et_pb_line_break_holder] -->  <img decoding=\"async\" src=\"https:\/\/www.weserschloesschen.de\/wp-content\/uploads\/2023\/06\/start_restaurant.jpg\"><\/a><!-- [et_pb_line_break_holder] --><\/div>\n<p>[\/et_pb_code][\/et_pb_column][et_pb_column type=&#8220;1_5&#8243; _builder_version=&#8220;4.21.0&#8243; _module_preset=&#8220;default&#8220; global_colors_info=&#8220;{}&#8220;][et_pb_code _builder_version=&#8220;4.21.0&#8243; _module_preset=&#8220;default&#8220; global_colors_info=&#8220;{}&#8220;]<\/p>\n<div class=\"button_wrapper\"><a href=\"https:\/\/www.weserschloesschen.de\/feiern\/festlichkeiten\/\"><!-- [et_pb_line_break_holder] -->  <\/p>\n<div class=\"headline\"><!-- [et_pb_line_break_holder] -->    Feiern<!-- [et_pb_line_break_holder] -->  <\/div>\n<p><!-- [et_pb_line_break_holder] -->  <img decoding=\"async\" src=\"https:\/\/www.weserschloesschen.de\/wp-content\/uploads\/2023\/06\/start_tagen_und_feiern.jpg\"><\/a><!-- [et_pb_line_break_holder] --><\/div>\n<p>[\/et_pb_code][\/et_pb_column][et_pb_column type=&#8220;1_5&#8243; _builder_version=&#8220;4.21.0&#8243; _module_preset=&#8220;default&#8220; global_colors_info=&#8220;{}&#8220;][et_pb_code _builder_version=&#8220;4.21.0&#8243; _module_preset=&#8220;default&#8220; global_colors_info=&#8220;{}&#8220;]<\/p>\n<div class=\"button_wrapper\"><a href=\"https:\/\/www.weserschloesschen.de\/wellness-und-fitness\"><!-- [et_pb_line_break_holder] -->  <\/p>\n<div class=\"headline\"><!-- [et_pb_line_break_holder] -->    Wellness &#038; Fitness<!-- [et_pb_line_break_holder] -->  <\/div>\n<p><!-- [et_pb_line_break_holder] -->  <img decoding=\"async\" src=\"https:\/\/www.weserschloesschen.de\/wp-content\/uploads\/2023\/06\/start_wellness_und_fitness.jpg\"><\/a><!-- [et_pb_line_break_holder] --><\/div>\n<p>[\/et_pb_code][\/et_pb_column][et_pb_column type=&#8220;1_5&#8243; _builder_version=&#8220;4.21.0&#8243; _module_preset=&#8220;default&#8220; global_colors_info=&#8220;{}&#8220;][et_pb_code _builder_version=&#8220;4.21.0&#8243; _module_preset=&#8220;default&#8220; global_colors_info=&#8220;{}&#8220;]<\/p>\n<div class=\"button_wrapper\"><a href=\"https:\/\/www.weserschloesschen.de\/zimmer\/ausstattung\/\"><!-- [et_pb_line_break_holder] -->  <\/p>\n<div class=\"headline\"><!-- [et_pb_line_break_holder] -->    Unsere Komfortzimmer<!-- [et_pb_line_break_holder] -->  <\/div>\n<p><!-- [et_pb_line_break_holder] -->  <img decoding=\"async\" src=\"https:\/\/www.weserschloesschen.de\/wp-content\/uploads\/2023\/06\/start_unsere_komfortzimmer.jpg\"><\/a><!-- [et_pb_line_break_holder] --><\/div>\n<p><!-- [et_pb_line_break_holder] -->[\/et_pb_code][\/et_pb_column][\/et_pb_row][et_pb_row _builder_version=&#8220;4.21.0&#8243; _module_preset=&#8220;default&#8220; background_color=&#8220;#bfa16b&#8220; width=&#8220;100%&#8220; max_width=&#8220;1440px&#8220; custom_margin=&#8220;35px||0px||false|false&#8220; custom_padding=&#8220;0px|30px|0px|30px|true|true&#8220; global_colors_info=&#8220;{}&#8220;][et_pb_column type=&#8220;4_4&#8243; _builder_version=&#8220;4.21.0&#8243; _module_preset=&#8220;default&#8220; global_colors_info=&#8220;{}&#8220;][et_pb_text module_class=&#8220;to_know&#8220; _builder_version=&#8220;4.21.0&#8243; _module_preset=&#8220;default&#8220; background_color=&#8220;RGBA(255,255,255,0)&#8220; custom_padding=&#8220;50px|60px|20px|60px|false|true&#8220; animation_style=&#8220;zoom&#8220; animation_duration=&#8220;1400ms&#8220; animation_delay=&#8220;350ms&#8220; global_colors_info=&#8220;{}&#8220;]<\/p>\n<h1>Wir beantworten gerne Ihre Fragen<\/h1>\n<p>[\/et_pb_text][\/et_pb_column][\/et_pb_row][et_pb_row column_structure=&#8220;2_3,1_3&#8243; module_id=&#8220;contact_on_page&#8220; _builder_version=&#8220;4.21.0&#8243; _module_preset=&#8220;default&#8220; background_color=&#8220;#bfa16b&#8220; width=&#8220;100%&#8220; max_width=&#8220;1440px&#8220; custom_margin=&#8220;0px||70px||false|false&#8220; custom_padding=&#8220;0px|30px|0px|30px|true|true&#8220; locked=&#8220;off&#8220; global_colors_info=&#8220;{}&#8220;][et_pb_column type=&#8220;2_3&#8243; _builder_version=&#8220;4.21.0&#8243; _module_preset=&#8220;default&#8220; global_colors_info=&#8220;{}&#8220;][et_pb_contact_form captcha=&#8220;off&#8220; email=&#8220;info@weserschloesschen.de&#8220; success_message=&#8220;Vielen Dank f\u00fcr Ihre Nachricht!  Wir werden uns mit Ihnen in k\u00fcrze in Verbindung setzen.&#8220; submit_button_text=&#8220;Absenden&#8220; _builder_version=&#8220;4.21.0&#8243; _module_preset=&#8220;default&#8220; _unique_id=&#8220;65745fe3-3dba-4bcf-8ce8-6c92b990d03d&#8220; custom_button=&#8220;on&#8220; button_text_color=&#8220;#FFFFFF&#8220; button_bg_color=&#8220;#004f80&#8243; button_border_width=&#8220;0px&#8220; button_border_radius=&#8220;0px&#8220; button_use_icon=&#8220;off&#8220; button_custom_margin=&#8220;30px|0px||0px|false|false&#8220; button_custom_padding=&#8220;|80px||80px|false|true&#8220; custom_margin=&#8220;|||40px|false|false&#8220; animation_style=&#8220;zoom&#8220; animation_duration=&#8220;1400ms&#8220; animation_delay=&#8220;500ms&#8220; global_colors_info=&#8220;{}&#8220;][et_pb_contact_field field_id=&#8220;Name&#8220; field_title=&#8220;Name (*)&#8220; _builder_version=&#8220;4.21.0&#8243; global_colors_info=&#8220;{}&#8220; button_text_size__hover_enabled=&#8220;off&#8220; button_one_text_size__hover_enabled=&#8220;off&#8220; button_two_text_size__hover_enabled=&#8220;off&#8220; button_text_color__hover_enabled=&#8220;off&#8220; button_one_text_color__hover_enabled=&#8220;off&#8220; button_two_text_color__hover_enabled=&#8220;off&#8220; button_border_width__hover_enabled=&#8220;off&#8220; button_one_border_width__hover_enabled=&#8220;off&#8220; button_two_border_width__hover_enabled=&#8220;off&#8220; button_border_color__hover_enabled=&#8220;off&#8220; button_one_border_color__hover_enabled=&#8220;off&#8220; button_two_border_color__hover_enabled=&#8220;off&#8220; button_border_radius__hover_enabled=&#8220;off&#8220; button_one_border_radius__hover_enabled=&#8220;off&#8220; button_two_border_radius__hover_enabled=&#8220;off&#8220; button_letter_spacing__hover_enabled=&#8220;off&#8220; button_one_letter_spacing__hover_enabled=&#8220;off&#8220; button_two_letter_spacing__hover_enabled=&#8220;off&#8220; button_bg_color__hover_enabled=&#8220;off&#8220; button_one_bg_color__hover_enabled=&#8220;off&#8220; button_two_bg_color__hover_enabled=&#8220;off&#8220;][\/et_pb_contact_field][et_pb_contact_field field_id=&#8220;Email&#8220; field_title=&#8220;E-Mail-Adresse (*)&#8220; field_type=&#8220;email&#8220; _builder_version=&#8220;4.21.0&#8243; global_colors_info=&#8220;{}&#8220; button_text_size__hover_enabled=&#8220;off&#8220; button_one_text_size__hover_enabled=&#8220;off&#8220; button_two_text_size__hover_enabled=&#8220;off&#8220; button_text_color__hover_enabled=&#8220;off&#8220; button_one_text_color__hover_enabled=&#8220;off&#8220; button_two_text_color__hover_enabled=&#8220;off&#8220; button_border_width__hover_enabled=&#8220;off&#8220; button_one_border_width__hover_enabled=&#8220;off&#8220; button_two_border_width__hover_enabled=&#8220;off&#8220; button_border_color__hover_enabled=&#8220;off&#8220; button_one_border_color__hover_enabled=&#8220;off&#8220; button_two_border_color__hover_enabled=&#8220;off&#8220; button_border_radius__hover_enabled=&#8220;off&#8220; button_one_border_radius__hover_enabled=&#8220;off&#8220; button_two_border_radius__hover_enabled=&#8220;off&#8220; button_letter_spacing__hover_enabled=&#8220;off&#8220; button_one_letter_spacing__hover_enabled=&#8220;off&#8220; button_two_letter_spacing__hover_enabled=&#8220;off&#8220; button_bg_color__hover_enabled=&#8220;off&#8220; button_one_bg_color__hover_enabled=&#8220;off&#8220; button_two_bg_color__hover_enabled=&#8220;off&#8220;][\/et_pb_contact_field][et_pb_contact_field field_id=&#8220;Message&#8220; field_title=&#8220;Nachricht (*)&#8220; field_type=&#8220;text&#8220; fullwidth_field=&#8220;on&#8220; _builder_version=&#8220;4.21.0&#8243; global_colors_info=&#8220;{}&#8220; button_text_size__hover_enabled=&#8220;off&#8220; button_one_text_size__hover_enabled=&#8220;off&#8220; button_two_text_size__hover_enabled=&#8220;off&#8220; button_text_color__hover_enabled=&#8220;off&#8220; button_one_text_color__hover_enabled=&#8220;off&#8220; button_two_text_color__hover_enabled=&#8220;off&#8220; button_border_width__hover_enabled=&#8220;off&#8220; button_one_border_width__hover_enabled=&#8220;off&#8220; button_two_border_width__hover_enabled=&#8220;off&#8220; button_border_color__hover_enabled=&#8220;off&#8220; button_one_border_color__hover_enabled=&#8220;off&#8220; button_two_border_color__hover_enabled=&#8220;off&#8220; button_border_radius__hover_enabled=&#8220;off&#8220; button_one_border_radius__hover_enabled=&#8220;off&#8220; button_two_border_radius__hover_enabled=&#8220;off&#8220; button_letter_spacing__hover_enabled=&#8220;off&#8220; button_one_letter_spacing__hover_enabled=&#8220;off&#8220; button_two_letter_spacing__hover_enabled=&#8220;off&#8220; button_bg_color__hover_enabled=&#8220;off&#8220; button_one_bg_color__hover_enabled=&#8220;off&#8220; button_two_bg_color__hover_enabled=&#8220;off&#8220;][\/et_pb_contact_field][et_pb_contact_field field_id=&#8220;Datenerhebung&#8220; field_title=&#8220; &#8220; field_type=&#8220;checkbox&#8220; checkbox_options=&#8220;%91{%22value%22:%22Einwilligung zur Datenerhebung (*)%22,%22checked%22:0,%22dragID%22:-1}%93&#8243; fullwidth_field=&#8220;on&#8220; _builder_version=&#8220;4.21.0&#8243; _module_preset=&#8220;default&#8220; global_colors_info=&#8220;{}&#8220;][\/et_pb_contact_field][\/et_pb_contact_form][\/et_pb_column][et_pb_column type=&#8220;1_3&#8243; _builder_version=&#8220;4.21.0&#8243; _module_preset=&#8220;default&#8220; global_colors_info=&#8220;{}&#8220;][et_pb_text module_class=&#8220;to_know&#8220; _builder_version=&#8220;4.21.0&#8243; _module_preset=&#8220;default&#8220; background_color=&#8220;RGBA(255,255,255,0)&#8220; custom_margin=&#8220;|40px|||false|false&#8220; custom_padding=&#8220;0px|0px|60px|0px|false|true&#8220; animation_style=&#8220;zoom&#8220; animation_duration=&#8220;1400ms&#8220; animation_delay=&#8220;350ms&#8220; global_colors_info=&#8220;{}&#8220;]Rufen Sie uns an unter:<\/p>\n<h1 style=\"text-align: left;\">05021 62081<\/h1>\n<p>Ich stimme zu, dass meine Angaben aus dem Formular zur Beantwortung meiner Anfrage erhoben und verarbeitet werden. Die Daten werden nach abgeschlossener Bearbeitung Ihrer Anfrage gel\u00f6scht.<\/p>\n<p>Hinweis: Sie k\u00f6nnen Ihre Einwilligung jederzeit f\u00fcr die Zukunft per E-Mail an info@weserschloesschen.de widerrufen. Detaillierte Informationen zum Umgang mit Nutzerdaten finden Sie in unserer <a href=\"https:\/\/weserschloesschen.de\/datenschutzerklaerung\" style=\"color:#fff;\">Datenschutzerkl\u00e4rung<\/a>[\/et_pb_text][\/et_pb_column][\/et_pb_row][\/et_pb_section]<\/p>\n","protected":false},"excerpt":{"rendered":"<p>Weitere InfosJOBSServicekraft (m\/w\/d) als Minijob gesucht F\u00fcr unseren Service suchen wir: Eine Servicekraft (m\/w\/d), auch als Quereinsteiger\/in m\u00f6glich &#8211; eine Ausbildung wird nicht vorausgesetzt.als Minijob f\u00fcr die berufs\u00fcblichen T\u00e4tigkeiten. Das bringen Sie mit: Freude am Kontakt mit den G\u00e4sten gute Deutschkenntnisse des Weiteren w\u00fcnschen wir uns Teamf\u00e4higkeit, Freundlichkeit und ein gepflegtes Erscheinungsbild Herr Stuwe freut [&hellip;]<\/p>\n","protected":false},"author":1,"featured_media":0,"parent":0,"menu_order":0,"comment_status":"closed","ping_status":"closed","template":"","meta":{"_et_pb_use_builder":"on","_et_pb_old_content":"","_et_gb_content_width":"","footnotes":""},"class_list":["post-1673","page","type-page","status-publish","hentry"],"_links":{"self":[{"href":"https:\/\/www.weserschloesschen.de\/en\/wp-json\/wp\/v2\/pages\/1673","targetHints":{"allow":["GET"]}}],"collection":[{"href":"https:\/\/www.weserschloesschen.de\/en\/wp-json\/wp\/v2\/pages"}],"about":[{"href":"https:\/\/www.weserschloesschen.de\/en\/wp-json\/wp\/v2\/types\/page"}],"author":[{"embeddable":true,"href":"https:\/\/www.weserschloesschen.de\/en\/wp-json\/wp\/v2\/users\/1"}],"replies":[{"embeddable":true,"href":"https:\/\/www.weserschloesschen.de\/en\/wp-json\/wp\/v2\/comments?post=1673"}],"version-history":[{"count":10,"href":"https:\/\/www.weserschloesschen.de\/en\/wp-json\/wp\/v2\/pages\/1673\/revisions"}],"predecessor-version":[{"id":2124,"href":"https:\/\/www.weserschloesschen.de\/en\/wp-json\/wp\/v2\/pages\/1673\/revisions\/2124"}],"wp:attachment":[{"href":"https:\/\/www.weserschloesschen.de\/en\/wp-json\/wp\/v2\/media?parent=1673"}],"curies":[{"name":"wp","href":"https:\/\/api.w.org\/{rel}","templated":true}]}}